{"id":6626,"date":"2022-12-26T11:54:12","date_gmt":"2022-12-26T11:54:12","guid":{"rendered":"https:\/\/arrondissementbettana.ma\/?page_id=6626"},"modified":"2023-01-27T04:22:01","modified_gmt":"2023-01-27T04:22:01","slug":"podcasts-bettana","status":"publish","type":"page","link":"https:\/\/arrondissementbettana.ma\/index.php\/podcasts-bettana\/","title":{"rendered":"Podcasts Bettana"},"content":{"rendered":"\t\t<div data-elementor-type=\"wp-page\" data-elementor-id=\"6626\" class=\"elementor elementor-6626\">\n\t\t\t\t\t\t<div class=\"elementor-inner\">\n\t\t\t\t<div class=\"elementor-section-wrap\">\n\t\t\t\t\t\t\t\t\t<section class=\"elementor-section elementor-top-section elementor-element elementor-element-0c7bc12 elementor-section-boxed elementor-section-height-default elementor-section-height-default\" data-id=\"0c7bc12\" data-element_type=\"section\">\n\t\t\t\t\t\t<div class=\"elementor-container elementor-column-gap-thegem\">\n\t\t\t\t\t\t\t<div class=\"elementor-row\">\n\t\t\t\t\t<div class=\"elementor-column elementor-col-50 elementor-top-column elementor-element elementor-element-e086cb1\" data-id=\"e086cb1\" data-element_type=\"column\">\n\t\t\t<div class=\"elementor-column-wrap elementor-element-populated\">\n\t\t\t\t\t\t\t<div class=\"elementor-widget-wrap\">\n\t\t\t\t\t\t<div class=\"elementor-element elementor-element-7855a72 flex-horizontal-align-default flex-horizontal-align-tablet-default flex-horizontal-align-mobile-default flex-vertical-align-default flex-vertical-align-tablet-default flex-vertical-align-mobile-default elementor-widget elementor-widget-image\" data-id=\"7855a72\" data-element_type=\"widget\" data-widget_type=\"image.default\">\n\t\t\t\t<div class=\"elementor-widget-container\">\n\t\t\t<style>\/*! elementor - v3.7.8 - 02-10-2022 *\/\n.elementor-widget-image{text-align:center}.elementor-widget-image a{display:inline-block}.elementor-widget-image a img[src$=\".svg\"]{width:48px}.elementor-widget-image img{vertical-align:middle;display:inline-block}<\/style>\t\t\t\t\t<div class=\"elementor-image\">\n\t\t\t\t\t\t\t\t\t\t\t\t<img decoding=\"async\" width=\"1000\" height=\"667\" src=\"https:\/\/arrondissementbettana.ma\/wp-content\/uploads\/2022\/12\/634e7aa49f5b021464d9f133_Podcasters-interview-each-other-for-radio-live-podcast.jpg\" class=\"attachment-1536x1536 size-1536x1536\" alt=\"\" srcset=\"https:\/\/arrondissementbettana.ma\/wp-content\/uploads\/2022\/12\/634e7aa49f5b021464d9f133_Podcasters-interview-each-other-for-radio-live-podcast.jpg 1000w, https:\/\/arrondissementbettana.ma\/wp-content\/uploads\/2022\/12\/634e7aa49f5b021464d9f133_Podcasters-interview-each-other-for-radio-live-podcast-300x200.jpg 300w, https:\/\/arrondissementbettana.ma\/wp-content\/uploads\/2022\/12\/634e7aa49f5b021464d9f133_Podcasters-interview-each-other-for-radio-live-podcast-768x512.jpg 768w\" sizes=\"(max-width: 1000px) 100vw, 1000px\" \/>\t\t\t\t\t\t\t\t\t\t\t\t\t\t<\/div>\n\t\t\t\t\t\t<\/div>\n\t\t\t\t<\/div>\n\t\t\t\t\t\t<\/div>\n\t\t\t\t\t<\/div>\n\t\t<\/div>\n\t\t\t\t<div class=\"elementor-column elementor-col-50 elementor-top-column elementor-element elementor-element-2fafdb6\" data-id=\"2fafdb6\" data-element_type=\"column\">\n\t\t\t<div class=\"elementor-column-wrap elementor-element-populated\">\n\t\t\t\t\t\t\t<div class=\"elementor-widget-wrap\">\n\t\t\t\t\t\t<div class=\"elementor-element elementor-element-2f67a0f elementor-headline--style-highlight flex-horizontal-align-default flex-horizontal-align-tablet-default flex-horizontal-align-mobile-default flex-vertical-align-default flex-vertical-align-tablet-default flex-vertical-align-mobile-default elementor-widget elementor-widget-animated-headline\" data-id=\"2f67a0f\" data-element_type=\"widget\" data-settings=\"{&quot;marker&quot;:&quot;underline&quot;,&quot;headline_style&quot;:&quot;highlight&quot;,&quot;loop&quot;:&quot;yes&quot;,&quot;highlight_animation_duration&quot;:1200,&quot;highlight_iteration_delay&quot;:8000}\" data-widget_type=\"animated-headline.default\">\n\t\t\t\t<div class=\"elementor-widget-container\">\n\t\t\t<link rel=\"stylesheet\" href=\"https:\/\/arrondissementbettana.ma\/wp-content\/plugins\/elementor-pro\/assets\/css\/widget-animated-headline.min.css\">\t\t<h6 class=\"elementor-headline\">\n\t\t\t\t\t<span class=\"elementor-headline-plain-text elementor-headline-text-wrapper\">Podcasts Bettana<\/span>\n\t\t\t\t<span class=\"elementor-headline-dynamic-wrapper elementor-headline-text-wrapper\">\n\t\t\t\t<\/span>\n\t\t\t\t<\/h6>\n\t\t\t\t<\/div>\n\t\t\t\t<\/div>\n\t\t\t\t\t\t<\/div>\n\t\t\t\t\t<\/div>\n\t\t<\/div>\n\t\t\t\t\t\t\t\t<\/div>\n\t\t\t\t\t<\/div>\n\t\t<\/section>\n\t\t\t\t<section class=\"elementor-section elementor-top-section elementor-element elementor-element-c8a4ec4 elementor-section-boxed elementor-section-height-default elementor-section-height-default\" data-id=\"c8a4ec4\" data-element_type=\"section\">\n\t\t\t\t\t\t<div class=\"elementor-container elementor-column-gap-thegem\">\n\t\t\t\t\t\t\t<div class=\"elementor-row\">\n\t\t\t\t\t<div class=\"elementor-column elementor-col-100 elementor-top-column elementor-element elementor-element-d77f2db\" data-id=\"d77f2db\" data-element_type=\"column\">\n\t\t\t<div class=\"elementor-column-wrap elementor-element-populated\">\n\t\t\t\t\t\t\t<div class=\"elementor-widget-wrap\">\n\t\t\t\t\t\t<div class=\"elementor-element elementor-element-81fb1f3 flex-horizontal-align-default flex-horizontal-align-tablet-default flex-horizontal-align-mobile-default flex-vertical-align-default flex-vertical-align-tablet-default flex-vertical-align-mobile-default elementor-invisible elementor-widget elementor-widget-thegem-styledbutton\" data-id=\"81fb1f3\" data-element_type=\"widget\" data-settings=\"{&quot;effects_enabled&quot;:&quot;yes&quot;,&quot;motion_fx_motion_fx_scrolling&quot;:&quot;yes&quot;,&quot;_animation&quot;:&quot;fadeInLeft&quot;,&quot;thegem_button_skin&quot;:&quot;flat&quot;,&quot;add_icon&quot;:&quot;yes&quot;,&quot;motion_fx_devices&quot;:[&quot;desktop&quot;,&quot;tablet&quot;,&quot;mobile&quot;]}\" data-widget_type=\"thegem-styledbutton.default\">\n\t\t\t\t<div class=\"elementor-widget-container\">\n\t\t\t<style>.elementor-element-81fb1f3 .gem-button {opacity:0}<\/style>\n<div class=\"thegem-button-animate thegem-button-animation-slide-down gem-button-container gem-widget-button lazy-loading\">\n\n\t\t<a class=\"gem-button gem-button-size-small gem-button-text-weight-thin gem-button-style-flat\">\n\t\t<span class=\"gem-inner-wrapper-btn\">\n\t\t\t\t\t\t\t<span class=\"gem-button-icon\">\n\t\t\t\t\t<i aria-hidden=\"true\" class=\"fas fa-star\"><\/i>\t\t\t\t<\/span>\n\t\t\t\t\t\t<span class=\"gem-text-button\">\n\t\t\t\tI..\t\t\t<\/span>\n\t\t<\/span>\n\t<\/a>\n\n\t\n<\/div>\t\t<\/div>\n\t\t\t\t<\/div>\n\t\t\t\t\t\t<\/div>\n\t\t\t\t\t<\/div>\n\t\t<\/div>\n\t\t\t\t\t\t\t\t<\/div>\n\t\t\t\t\t<\/div>\n\t\t<\/section>\n\t\t\t\t<section class=\"elementor-section elementor-top-section elementor-element elementor-element-6325540 elementor-section-boxed elementor-section-height-default elementor-section-height-default\" data-id=\"6325540\" data-element_type=\"section\">\n\t\t\t\t\t\t<div class=\"elementor-container elementor-column-gap-thegem\">\n\t\t\t\t\t\t\t<div class=\"elementor-row\">\n\t\t\t\t\t<div class=\"elementor-column elementor-col-50 elementor-top-column elementor-element elementor-element-ca909e8\" data-id=\"ca909e8\" data-element_type=\"column\">\n\t\t\t<div class=\"elementor-column-wrap elementor-element-populated\">\n\t\t\t\t\t\t\t<div class=\"elementor-widget-wrap\">\n\t\t\t\t\t\t<div class=\"elementor-element elementor-element-d4aa889 flex-horizontal-align-default flex-horizontal-align-tablet-default flex-horizontal-align-mobile-default flex-vertical-align-default flex-vertical-align-tablet-default flex-vertical-align-mobile-default elementor-widget elementor-widget-text-editor\" data-id=\"d4aa889\" data-element_type=\"widget\" data-widget_type=\"text-editor.default\">\n\t\t\t\t<div class=\"elementor-widget-container\">\n\t\t\t<style>\/*! elementor - v3.7.8 - 02-10-2022 *\/\n.elementor-widget-text-editor.elementor-drop-cap-view-stacked .elementor-drop-cap{background-color:#818a91;color:#fff}.elementor-widget-text-editor.elementor-drop-cap-view-framed .elementor-drop-cap{color:#818a91;border:3px solid;background-color:transparent}.elementor-widget-text-editor:not(.elementor-drop-cap-view-default) .elementor-drop-cap{margin-top:8px}.elementor-widget-text-editor:not(.elementor-drop-cap-view-default) .elementor-drop-cap-letter{width:1em;height:1em}.elementor-widget-text-editor .elementor-drop-cap{float:left;text-align:center;line-height:1;font-size:50px}.elementor-widget-text-editor .elementor-drop-cap-letter{display:inline-block}<\/style>\t\t\t\t\t<div class=\"elementor-text-editor elementor-clearfix\">\n\t\t\t\t<p style=\"text-align: left;\">l&#8217;\u00e9mission Podcast Bettana assurera la diffusion de l&#8217;ensemble des d\u00e9bat culturelle dans l&#8217;arrondissement Bettana, le Podcast sera pr\u00e9sent au :\u00a0<\/p><ul><li><span style=\"color: #333399;\"><strong>CIN\u00c9-CITY<\/strong><\/span><\/li><li><span style=\"color: #333399;\"><strong>BETTANA-VOICE<\/strong><\/span><\/li><li><span style=\"color: #333399;\"><strong>BETTANA BREACK DANSE<\/strong><\/span><\/li><li><span style=\"color: #333399;\"><strong>FESTIVAL BETTANA DU COURT M\u00c9TRAGE<\/strong><\/span><\/li><li><strong><span style=\"color: #333399;\">GOVER GAME<\/span><\/strong><\/li><li><strong><span style=\"color: #333399;\">BETTANA STREET ART<\/span><\/strong><\/li><\/ul>\t\t\t\t\t<\/div>\n\t\t\t\t\t\t<\/div>\n\t\t\t\t<\/div>\n\t\t\t\t\t\t<\/div>\n\t\t\t\t\t<\/div>\n\t\t<\/div>\n\t\t\t\t<div class=\"elementor-column elementor-col-50 elementor-top-column elementor-element elementor-element-52d637a\" data-id=\"52d637a\" data-element_type=\"column\">\n\t\t\t<div class=\"elementor-column-wrap elementor-element-populated\">\n\t\t\t\t\t\t\t<div class=\"elementor-widget-wrap\">\n\t\t\t\t\t\t<div class=\"elementor-element elementor-element-77ce2f6 flex-horizontal-align-default flex-horizontal-align-tablet-default flex-horizontal-align-mobile-default flex-vertical-align-default flex-vertical-align-tablet-default flex-vertical-align-mobile-default elementor-widget elementor-widget-image\" data-id=\"77ce2f6\" data-element_type=\"widget\" data-widget_type=\"image.default\">\n\t\t\t\t<div class=\"elementor-widget-container\">\n\t\t\t\t\t\t\t\t<div class=\"elementor-image\">\n\t\t\t\t\t\t\t\t\t\t\t\t<img decoding=\"async\" width=\"1536\" height=\"697\" src=\"https:\/\/arrondissementbettana.ma\/wp-content\/uploads\/2022\/12\/1656671470_116621_1656671794_gigante_normal-1536x697.jpg\" class=\"attachment-1536x1536 size-1536x1536\" alt=\"\" srcset=\"https:\/\/arrondissementbettana.ma\/wp-content\/uploads\/2022\/12\/1656671470_116621_1656671794_gigante_normal-1536x697.jpg 1536w, https:\/\/arrondissementbettana.ma\/wp-content\/uploads\/2022\/12\/1656671470_116621_1656671794_gigante_normal-300x136.jpg 300w, https:\/\/arrondissementbettana.ma\/wp-content\/uploads\/2022\/12\/1656671470_116621_1656671794_gigante_normal-1024x464.jpg 1024w, https:\/\/arrondissementbettana.ma\/wp-content\/uploads\/2022\/12\/1656671470_116621_1656671794_gigante_normal-768x348.jpg 768w, https:\/\/arrondissementbettana.ma\/wp-content\/uploads\/2022\/12\/1656671470_116621_1656671794_gigante_normal.jpg 1680w\" sizes=\"(max-width: 1536px) 100vw, 1536px\" \/>\t\t\t\t\t\t\t\t\t\t\t\t\t\t<\/div>\n\t\t\t\t\t\t<\/div>\n\t\t\t\t<\/div>\n\t\t\t\t\t\t<\/div>\n\t\t\t\t\t<\/div>\n\t\t<\/div>\n\t\t\t\t\t\t\t\t<\/div>\n\t\t\t\t\t<\/div>\n\t\t<\/section>\n\t\t\t\t\t\t\t\t\t<\/div>\n\t\t\t<\/div>\n\t\t\t\t\t<\/div>\n\t\t","protected":false},"excerpt":{"rendered":"<p>Podcasts Bettana I.. l&#8217;\u00e9mission Podcast Bettana assurera la diffusion de l&#8217;ensemble des d\u00e9bat culturelle dans l&#8217;arrondissement Bettana, le Podcast sera&#8230;<\/p>\n","protected":false},"author":1,"featured_media":0,"parent":0,"menu_order":0,"comment_status":"closed","ping_status":"closed","template":"elementor_header_footer","meta":{"_gspb_post_css":"","om_disable_all_campaigns":false,"_mi_skip_tracking":false},"aioseo_notices":[],"_links":{"self":[{"href":"https:\/\/arrondissementbettana.ma\/index.php\/wp-json\/wp\/v2\/pages\/6626"}],"collection":[{"href":"https:\/\/arrondissementbettana.ma\/index.php\/wp-json\/wp\/v2\/pages"}],"about":[{"href":"https:\/\/arrondissementbettana.ma\/index.php\/wp-json\/wp\/v2\/types\/page"}],"author":[{"embeddable":true,"href":"https:\/\/arrondissementbettana.ma\/index.php\/wp-json\/wp\/v2\/users\/1"}],"replies":[{"embeddable":true,"href":"https:\/\/arrondissementbettana.ma\/index.php\/wp-json\/wp\/v2\/comments?post=6626"}],"version-history":[{"count":31,"href":"https:\/\/arrondissementbettana.ma\/index.php\/wp-json\/wp\/v2\/pages\/6626\/revisions"}],"predecessor-version":[{"id":13009,"href":"https:\/\/arrondissementbettana.ma\/index.php\/wp-json\/wp\/v2\/pages\/6626\/revisions\/13009"}],"wp:attachment":[{"href":"https:\/\/arrondissementbettana.ma\/index.php\/wp-json\/wp\/v2\/media?parent=6626"}],"curies":[{"name":"wp","href":"https:\/\/api.w.org\/{rel}","templated":true}]}}