{"id":6256,"date":"2022-12-25T22:26:59","date_gmt":"2022-12-25T22:26:59","guid":{"rendered":"https:\/\/arrondissementbettana.ma\/?page_id=6256"},"modified":"2023-01-25T16:15:22","modified_gmt":"2023-01-25T16:15:22","slug":"economie-sociale-et-solidaire","status":"publish","type":"page","link":"https:\/\/arrondissementbettana.ma\/index.php\/economie-sociale-et-solidaire\/","title":{"rendered":"Economie sociale et solidaire"},"content":{"rendered":"\t\t<div data-elementor-type=\"wp-page\" data-elementor-id=\"6256\" class=\"elementor elementor-6256\">\n\t\t\t\t\t\t<div class=\"elementor-inner\">\n\t\t\t\t<div class=\"elementor-section-wrap\">\n\t\t\t\t\t\t\t\t\t<section class=\"elementor-section elementor-top-section elementor-element elementor-element-4dfd1a0 elementor-section-boxed elementor-section-height-default elementor-section-height-default\" data-id=\"4dfd1a0\" data-element_type=\"section\">\n\t\t\t\t\t\t<div class=\"elementor-container elementor-column-gap-thegem\">\n\t\t\t\t\t\t\t<div class=\"elementor-row\">\n\t\t\t\t\t<div class=\"elementor-column elementor-col-50 elementor-top-column elementor-element elementor-element-9dfab48\" data-id=\"9dfab48\" data-element_type=\"column\">\n\t\t\t<div class=\"elementor-column-wrap elementor-element-populated\">\n\t\t\t\t\t\t\t<div class=\"elementor-widget-wrap\">\n\t\t\t\t\t\t<div class=\"elementor-element elementor-element-9e12749 flex-horizontal-align-default flex-horizontal-align-tablet-default flex-horizontal-align-mobile-default flex-vertical-align-default flex-vertical-align-tablet-default flex-vertical-align-mobile-default elementor-widget elementor-widget-image\" data-id=\"9e12749\" data-element_type=\"widget\" data-widget_type=\"image.default\">\n\t\t\t\t<div class=\"elementor-widget-container\">\n\t\t\t<style>\/*! elementor - v3.7.8 - 02-10-2022 *\/\n.elementor-widget-image{text-align:center}.elementor-widget-image a{display:inline-block}.elementor-widget-image a img[src$=\".svg\"]{width:48px}.elementor-widget-image img{vertical-align:middle;display:inline-block}<\/style>\t\t\t\t\t<div class=\"elementor-image\">\n\t\t\t\t\t\t\t\t\t\t\t\t<img decoding=\"async\" width=\"400\" height=\"250\" src=\"https:\/\/arrondissementbettana.ma\/wp-content\/uploads\/2022\/12\/image_processing20190916-16930-w9jgrn.jpg\" class=\"attachment-1536x1536 size-1536x1536\" alt=\"\" srcset=\"https:\/\/arrondissementbettana.ma\/wp-content\/uploads\/2022\/12\/image_processing20190916-16930-w9jgrn.jpg 400w, https:\/\/arrondissementbettana.ma\/wp-content\/uploads\/2022\/12\/image_processing20190916-16930-w9jgrn-300x188.jpg 300w\" sizes=\"(max-width: 400px) 100vw, 400px\" \/>\t\t\t\t\t\t\t\t\t\t\t\t\t\t<\/div>\n\t\t\t\t\t\t<\/div>\n\t\t\t\t<\/div>\n\t\t\t\t\t\t<\/div>\n\t\t\t\t\t<\/div>\n\t\t<\/div>\n\t\t\t\t<div class=\"elementor-column elementor-col-50 elementor-top-column elementor-element elementor-element-cc89459\" data-id=\"cc89459\" data-element_type=\"column\">\n\t\t\t<div class=\"elementor-column-wrap elementor-element-populated\">\n\t\t\t\t\t\t\t<div class=\"elementor-widget-wrap\">\n\t\t\t\t\t\t<div class=\"elementor-element elementor-element-8dd959b elementor-headline--style-highlight flex-horizontal-align-default flex-horizontal-align-tablet-default flex-horizontal-align-mobile-default flex-vertical-align-default flex-vertical-align-tablet-default flex-vertical-align-mobile-default elementor-widget elementor-widget-animated-headline\" data-id=\"8dd959b\" data-element_type=\"widget\" data-settings=\"{&quot;marker&quot;:&quot;underline&quot;,&quot;headline_style&quot;:&quot;highlight&quot;,&quot;loop&quot;:&quot;yes&quot;,&quot;highlight_animation_duration&quot;:1200,&quot;highlight_iteration_delay&quot;:8000}\" data-widget_type=\"animated-headline.default\">\n\t\t\t\t<div class=\"elementor-widget-container\">\n\t\t\t<link rel=\"stylesheet\" href=\"https:\/\/arrondissementbettana.ma\/wp-content\/plugins\/elementor-pro\/assets\/css\/widget-animated-headline.min.css\">\t\t<h6 class=\"elementor-headline\">\n\t\t\t\t\t<span class=\"elementor-headline-plain-text elementor-headline-text-wrapper\">Economie sociale et solidaire<\/span>\n\t\t\t\t<span class=\"elementor-headline-dynamic-wrapper elementor-headline-text-wrapper\">\n\t\t\t\t<\/span>\n\t\t\t\t<\/h6>\n\t\t\t\t<\/div>\n\t\t\t\t<\/div>\n\t\t\t\t\t\t<\/div>\n\t\t\t\t\t<\/div>\n\t\t<\/div>\n\t\t\t\t\t\t\t\t<\/div>\n\t\t\t\t\t<\/div>\n\t\t<\/section>\n\t\t\t\t<section class=\"elementor-section elementor-top-section elementor-element elementor-element-d091e0f elementor-section-boxed elementor-section-height-default elementor-section-height-default\" data-id=\"d091e0f\" data-element_type=\"section\">\n\t\t\t\t\t\t<div class=\"elementor-container elementor-column-gap-thegem\">\n\t\t\t\t\t\t\t<div class=\"elementor-row\">\n\t\t\t\t\t<div class=\"elementor-column elementor-col-100 elementor-top-column elementor-element elementor-element-2029eda\" data-id=\"2029eda\" data-element_type=\"column\">\n\t\t\t<div class=\"elementor-column-wrap elementor-element-populated\">\n\t\t\t\t\t\t\t<div class=\"elementor-widget-wrap\">\n\t\t\t\t\t\t<div class=\"elementor-element elementor-element-172d51c flex-horizontal-align-default flex-horizontal-align-tablet-default flex-horizontal-align-mobile-default flex-vertical-align-default flex-vertical-align-tablet-default flex-vertical-align-mobile-default elementor-invisible elementor-widget elementor-widget-thegem-styledbutton\" data-id=\"172d51c\" data-element_type=\"widget\" data-settings=\"{&quot;effects_enabled&quot;:&quot;yes&quot;,&quot;motion_fx_motion_fx_scrolling&quot;:&quot;yes&quot;,&quot;_animation&quot;:&quot;fadeInLeft&quot;,&quot;thegem_button_skin&quot;:&quot;flat&quot;,&quot;add_icon&quot;:&quot;yes&quot;,&quot;motion_fx_devices&quot;:[&quot;desktop&quot;,&quot;tablet&quot;,&quot;mobile&quot;]}\" data-widget_type=\"thegem-styledbutton.default\">\n\t\t\t\t<div class=\"elementor-widget-container\">\n\t\t\t<style>.elementor-element-172d51c .gem-button {opacity:0}<\/style>\n<div class=\"thegem-button-animate thegem-button-animation-slide-down gem-button-container gem-widget-button lazy-loading\">\n\n\t\t<a class=\"gem-button gem-button-size-small gem-button-text-weight-thin gem-button-style-flat\">\n\t\t<span class=\"gem-inner-wrapper-btn\">\n\t\t\t\t\t\t\t<span class=\"gem-button-icon\">\n\t\t\t\t\t<i aria-hidden=\"true\" class=\"fas fa-shopping-bag\"><\/i>\t\t\t\t<\/span>\n\t\t\t\t\t\t<span class=\"gem-text-button\">\n\t\t\t\tI..\t\t\t<\/span>\n\t\t<\/span>\n\t<\/a>\n\n\t\n<\/div>\t\t<\/div>\n\t\t\t\t<\/div>\n\t\t\t\t\t\t<\/div>\n\t\t\t\t\t<\/div>\n\t\t<\/div>\n\t\t\t\t\t\t\t\t<\/div>\n\t\t\t\t\t<\/div>\n\t\t<\/section>\n\t\t\t\t<section class=\"elementor-section elementor-top-section elementor-element elementor-element-878da7c elementor-section-boxed elementor-section-height-default elementor-section-height-default\" data-id=\"878da7c\" data-element_type=\"section\">\n\t\t\t\t\t\t<div class=\"elementor-container elementor-column-gap-thegem\">\n\t\t\t\t\t\t\t<div class=\"elementor-row\">\n\t\t\t\t\t<div class=\"elementor-column elementor-col-100 elementor-top-column elementor-element elementor-element-07d901e\" data-id=\"07d901e\" data-element_type=\"column\">\n\t\t\t<div class=\"elementor-column-wrap elementor-element-populated\">\n\t\t\t\t\t\t\t<div class=\"elementor-widget-wrap\">\n\t\t\t\t\t\t<div class=\"elementor-element elementor-element-f227dce flex-horizontal-align-default flex-horizontal-align-tablet-default flex-horizontal-align-mobile-default flex-vertical-align-default flex-vertical-align-tablet-default flex-vertical-align-mobile-default elementor-widget elementor-widget-text-editor\" data-id=\"f227dce\" data-element_type=\"widget\" data-widget_type=\"text-editor.default\">\n\t\t\t\t<div class=\"elementor-widget-container\">\n\t\t\t<style>\/*! elementor - v3.7.8 - 02-10-2022 *\/\n.elementor-widget-text-editor.elementor-drop-cap-view-stacked .elementor-drop-cap{background-color:#818a91;color:#fff}.elementor-widget-text-editor.elementor-drop-cap-view-framed .elementor-drop-cap{color:#818a91;border:3px solid;background-color:transparent}.elementor-widget-text-editor:not(.elementor-drop-cap-view-default) .elementor-drop-cap{margin-top:8px}.elementor-widget-text-editor:not(.elementor-drop-cap-view-default) .elementor-drop-cap-letter{width:1em;height:1em}.elementor-widget-text-editor .elementor-drop-cap{float:left;text-align:center;line-height:1;font-size:50px}.elementor-widget-text-editor .elementor-drop-cap-letter{display:inline-block}<\/style>\t\t\t\t\t<div class=\"elementor-text-editor elementor-clearfix\">\n\t\t\t\t<div class=\"text is-lead\" data-controller=\"text\"><h5 data-target=\"text.textContainer\"><span style=\"color: #333399;\">Le but\u00a0: construire un mod\u00e8le \u00e9conomique alternatif aux multinationales, le tout fond\u00e9 sur un socle d\u00e9mocratique, collectif, \u00e9cologique et solidaire. Chaque citoyen peut prendre des parts sociales et devenir soci\u00e9taire.<\/span><\/h5><\/div><div class=\"blocks\"><div class=\"text\" data-controller=\"text\"><div data-target=\"text.textContainer\">\u00c9lectricit\u00e9 renouvelable en circuit court, location longue dur\u00e9e de mat\u00e9riel \u00e9lectronique \u00e9cocon\u00e7u, services de covoiturage solidaire et d\u2019autopartage, services bancaires \u00e9thiques, t\u00e9l\u00e9phonie, transport ferroviaire, objets de seconde main\u2026 Derri\u00e8re une appellation commune, Les Licoornes r\u00e9unissent un ensemble de coop\u00e9ratives proposant produits et services du quotidien.<\/div><\/div><div class=\"text\" data-controller=\"text\"><div data-target=\"text.textContainer\">Les consommateur\u00b7rices peuvent ainsi naviguer facilement d\u2019une coop\u00e9rative \u00e0 l\u2019autre en fonction de leurs besoins, et trouver des r\u00e9ponses \u00e0 leurs pr\u00e9occupations environnementales et sociales.<\/div><\/div><div data-target=\"text.textContainer\"><h5 id=\"pourquoi-une-cooperative-c-est-different\" class=\"title in-toc is-level-2\" tabindex=\"-1\"><span style=\"color: #333399;\">Pourquoi une coop\u00e9rative, c&#8217;est diff\u00e9rent\u00a0?<\/span><\/h5><div class=\"text\" data-controller=\"text\"><div data-target=\"text.textContainer\">Acteurs de l&#8217;\u00e9conomie sociale et solidaire, les coop\u00e9ratives d\u00e9signent des groupements d\u2019individus qui choisissent de mettre leurs moyens en commun afin de satisfaire leurs besoins. Dans le cas d\u2019une coop\u00e9rative de consommation par exemple, le regroupement permet aux individus d\u2019acheter en plus grande quantit\u00e9 et donc de diminuer le co\u00fbt d\u2019achat.<\/div><\/div><div class=\"text\" data-controller=\"text\"><div data-target=\"text.textContainer\">L\u2019objectif de la coop\u00e9rative est donc \u00e9conomique, mais aussi culturel et social puisque le but est la satisfaction des besoins et des aspirations de tous les associ\u00e9s.<\/div><\/div><div class=\"text\" data-controller=\"text\"><div data-target=\"text.textContainer\">Le fonctionnement de la coop\u00e9rative est bas\u00e9 sur le principe d\u00e9mocratique \u00ab\u00a01 homme, 1 voix\u00a0\u00bb.<\/div><\/div><div class=\"text\" data-controller=\"text\"><div data-target=\"text.textContainer\">Les b\u00e9n\u00e9fices ne sont pas distribu\u00e9s, mais r\u00e9investis dans la coop\u00e9rative.<\/div><\/div><\/div><\/div>\t\t\t\t\t<\/div>\n\t\t\t\t\t\t<\/div>\n\t\t\t\t<\/div>\n\t\t\t\t\t\t<\/div>\n\t\t\t\t\t<\/div>\n\t\t<\/div>\n\t\t\t\t\t\t\t\t<\/div>\n\t\t\t\t\t<\/div>\n\t\t<\/section>\n\t\t\t\t<section class=\"elementor-section elementor-top-section elementor-element elementor-element-4bb9448 elementor-section-boxed elementor-section-height-default elementor-section-height-default\" data-id=\"4bb9448\" data-element_type=\"section\">\n\t\t\t\t\t\t<div class=\"elementor-container elementor-column-gap-thegem\">\n\t\t\t\t\t\t\t<div class=\"elementor-row\">\n\t\t\t\t\t<div class=\"elementor-column elementor-col-100 elementor-top-column elementor-element elementor-element-e2abb0a\" data-id=\"e2abb0a\" data-element_type=\"column\">\n\t\t\t<div class=\"elementor-column-wrap elementor-element-populated\">\n\t\t\t\t\t\t\t<div class=\"elementor-widget-wrap\">\n\t\t\t\t\t\t<div class=\"elementor-element elementor-element-a44cc21 flex-horizontal-align-default flex-horizontal-align-tablet-default flex-horizontal-align-mobile-default flex-vertical-align-default flex-vertical-align-tablet-default flex-vertical-align-mobile-default elementor-widget elementor-widget-image\" data-id=\"a44cc21\" data-element_type=\"widget\" data-widget_type=\"image.default\">\n\t\t\t\t<div class=\"elementor-widget-container\">\n\t\t\t\t\t\t\t\t<div class=\"elementor-image\">\n\t\t\t\t\t\t\t\t\t\t\t\t<img decoding=\"async\" width=\"1280\" height=\"560\" src=\"https:\/\/arrondissementbettana.ma\/wp-content\/uploads\/2022\/12\/Dossier_ESS-1280x560-1.png\" class=\"attachment-1536x1536 size-1536x1536\" alt=\"\" srcset=\"https:\/\/arrondissementbettana.ma\/wp-content\/uploads\/2022\/12\/Dossier_ESS-1280x560-1.png 1280w, https:\/\/arrondissementbettana.ma\/wp-content\/uploads\/2022\/12\/Dossier_ESS-1280x560-1-300x131.png 300w, https:\/\/arrondissementbettana.ma\/wp-content\/uploads\/2022\/12\/Dossier_ESS-1280x560-1-1024x448.png 1024w, https:\/\/arrondissementbettana.ma\/wp-content\/uploads\/2022\/12\/Dossier_ESS-1280x560-1-768x336.png 768w\" sizes=\"(max-width: 1280px) 100vw, 1280px\" \/>\t\t\t\t\t\t\t\t\t\t\t\t\t\t<\/div>\n\t\t\t\t\t\t<\/div>\n\t\t\t\t<\/div>\n\t\t\t\t\t\t<\/div>\n\t\t\t\t\t<\/div>\n\t\t<\/div>\n\t\t\t\t\t\t\t\t<\/div>\n\t\t\t\t\t<\/div>\n\t\t<\/section>\n\t\t\t\t\t\t\t\t\t<\/div>\n\t\t\t<\/div>\n\t\t\t\t\t<\/div>\n\t\t","protected":false},"excerpt":{"rendered":"<p>Economie sociale et solidaire I.. Le but\u00a0: construire un mod\u00e8le \u00e9conomique alternatif aux multinationales, le tout fond\u00e9 sur un socle&#8230;<\/p>\n","protected":false},"author":1,"featured_media":0,"parent":0,"menu_order":0,"comment_status":"closed","ping_status":"closed","template":"elementor_header_footer","meta":{"_gspb_post_css":"","om_disable_all_campaigns":false,"_mi_skip_tracking":false},"aioseo_notices":[],"_links":{"self":[{"href":"https:\/\/arrondissementbettana.ma\/index.php\/wp-json\/wp\/v2\/pages\/6256"}],"collection":[{"href":"https:\/\/arrondissementbettana.ma\/index.php\/wp-json\/wp\/v2\/pages"}],"about":[{"href":"https:\/\/arrondissementbettana.ma\/index.php\/wp-json\/wp\/v2\/types\/page"}],"author":[{"embeddable":true,"href":"https:\/\/arrondissementbettana.ma\/index.php\/wp-json\/wp\/v2\/users\/1"}],"replies":[{"embeddable":true,"href":"https:\/\/arrondissementbettana.ma\/index.php\/wp-json\/wp\/v2\/comments?post=6256"}],"version-history":[{"count":31,"href":"https:\/\/arrondissementbettana.ma\/index.php\/wp-json\/wp\/v2\/pages\/6256\/revisions"}],"predecessor-version":[{"id":12685,"href":"https:\/\/arrondissementbettana.ma\/index.php\/wp-json\/wp\/v2\/pages\/6256\/revisions\/12685"}],"wp:attachment":[{"href":"https:\/\/arrondissementbettana.ma\/index.php\/wp-json\/wp\/v2\/media?parent=6256"}],"curies":[{"name":"wp","href":"https:\/\/api.w.org\/{rel}","templated":true}]}}