{"id":6021,"date":"2022-12-25T12:58:16","date_gmt":"2022-12-25T12:58:16","guid":{"rendered":"https:\/\/arrondissementbettana.ma\/?page_id=6021"},"modified":"2023-01-25T10:41:15","modified_gmt":"2023-01-25T10:41:15","slug":"bettana-sans-plastiques","status":"publish","type":"page","link":"https:\/\/arrondissementbettana.ma\/index.php\/bettana-sans-plastiques\/","title":{"rendered":"Bettana sans plastiques"},"content":{"rendered":"\t\t<div data-elementor-type=\"wp-page\" data-elementor-id=\"6021\" class=\"elementor elementor-6021\">\n\t\t\t\t\t\t<div class=\"elementor-inner\">\n\t\t\t\t<div class=\"elementor-section-wrap\">\n\t\t\t\t\t\t\t\t\t<section class=\"elementor-section elementor-top-section elementor-element elementor-element-0f68028 elementor-section-boxed elementor-section-height-default elementor-section-height-default\" data-id=\"0f68028\" data-element_type=\"section\">\n\t\t\t\t\t\t<div class=\"elementor-container elementor-column-gap-thegem\">\n\t\t\t\t\t\t\t<div class=\"elementor-row\">\n\t\t\t\t\t<div class=\"elementor-column elementor-col-50 elementor-top-column elementor-element elementor-element-0724318\" data-id=\"0724318\" data-element_type=\"column\">\n\t\t\t<div class=\"elementor-column-wrap elementor-element-populated\">\n\t\t\t\t\t\t\t<div class=\"elementor-widget-wrap\">\n\t\t\t\t\t\t<div class=\"elementor-element elementor-element-5236e4b flex-horizontal-align-default flex-horizontal-align-tablet-default flex-horizontal-align-mobile-default flex-vertical-align-default flex-vertical-align-tablet-default flex-vertical-align-mobile-default elementor-widget elementor-widget-image\" data-id=\"5236e4b\" data-element_type=\"widget\" data-widget_type=\"image.default\">\n\t\t\t\t<div class=\"elementor-widget-container\">\n\t\t\t<style>\/*! elementor - v3.7.8 - 02-10-2022 *\/\n.elementor-widget-image{text-align:center}.elementor-widget-image a{display:inline-block}.elementor-widget-image a img[src$=\".svg\"]{width:48px}.elementor-widget-image img{vertical-align:middle;display:inline-block}<\/style>\t\t\t\t\t<div class=\"elementor-image\">\n\t\t\t\t\t\t\t\t\t\t\t\t<img decoding=\"async\" width=\"700\" height=\"400\" src=\"https:\/\/arrondissementbettana.ma\/wp-content\/uploads\/2022\/12\/recyclage-plastique-large.jpg\" class=\"attachment-1536x1536 size-1536x1536\" alt=\"\" srcset=\"https:\/\/arrondissementbettana.ma\/wp-content\/uploads\/2022\/12\/recyclage-plastique-large.jpg 700w, https:\/\/arrondissementbettana.ma\/wp-content\/uploads\/2022\/12\/recyclage-plastique-large-300x171.jpg 300w\" sizes=\"(max-width: 700px) 100vw, 700px\" \/>\t\t\t\t\t\t\t\t\t\t\t\t\t\t<\/div>\n\t\t\t\t\t\t<\/div>\n\t\t\t\t<\/div>\n\t\t\t\t\t\t<\/div>\n\t\t\t\t\t<\/div>\n\t\t<\/div>\n\t\t\t\t<div class=\"elementor-column elementor-col-50 elementor-top-column elementor-element elementor-element-d801d11\" data-id=\"d801d11\" data-element_type=\"column\">\n\t\t\t<div class=\"elementor-column-wrap elementor-element-populated\">\n\t\t\t\t\t\t\t<div class=\"elementor-widget-wrap\">\n\t\t\t\t\t\t<div class=\"elementor-element elementor-element-26a3175 elementor-headline--style-highlight flex-horizontal-align-default flex-horizontal-align-tablet-default flex-horizontal-align-mobile-default flex-vertical-align-default flex-vertical-align-tablet-default flex-vertical-align-mobile-default elementor-widget elementor-widget-animated-headline\" data-id=\"26a3175\" data-element_type=\"widget\" data-settings=\"{&quot;marker&quot;:&quot;underline&quot;,&quot;headline_style&quot;:&quot;highlight&quot;,&quot;loop&quot;:&quot;yes&quot;,&quot;highlight_animation_duration&quot;:1200,&quot;highlight_iteration_delay&quot;:8000}\" data-widget_type=\"animated-headline.default\">\n\t\t\t\t<div class=\"elementor-widget-container\">\n\t\t\t<link rel=\"stylesheet\" href=\"https:\/\/arrondissementbettana.ma\/wp-content\/plugins\/elementor-pro\/assets\/css\/widget-animated-headline.min.css\">\t\t<h6 class=\"elementor-headline\">\n\t\t\t\t\t<span class=\"elementor-headline-plain-text elementor-headline-text-wrapper\">Bettana sans plastiques<\/span>\n\t\t\t\t<span class=\"elementor-headline-dynamic-wrapper elementor-headline-text-wrapper\">\n\t\t\t\t<\/span>\n\t\t\t\t<\/h6>\n\t\t\t\t<\/div>\n\t\t\t\t<\/div>\n\t\t\t\t\t\t<\/div>\n\t\t\t\t\t<\/div>\n\t\t<\/div>\n\t\t\t\t\t\t\t\t<\/div>\n\t\t\t\t\t<\/div>\n\t\t<\/section>\n\t\t\t\t<section class=\"elementor-section elementor-top-section elementor-element elementor-element-833fecd elementor-section-boxed elementor-section-height-default elementor-section-height-default\" data-id=\"833fecd\" data-element_type=\"section\">\n\t\t\t\t\t\t<div class=\"elementor-container elementor-column-gap-thegem\">\n\t\t\t\t\t\t\t<div class=\"elementor-row\">\n\t\t\t\t\t<div class=\"elementor-column elementor-col-100 elementor-top-column elementor-element elementor-element-60b3fa5\" data-id=\"60b3fa5\" data-element_type=\"column\">\n\t\t\t<div class=\"elementor-column-wrap elementor-element-populated\">\n\t\t\t\t\t\t\t<div class=\"elementor-widget-wrap\">\n\t\t\t\t\t\t<div class=\"elementor-element elementor-element-4219734 flex-horizontal-align-default flex-horizontal-align-tablet-default flex-horizontal-align-mobile-default flex-vertical-align-default flex-vertical-align-tablet-default flex-vertical-align-mobile-default elementor-invisible elementor-widget elementor-widget-thegem-styledbutton\" data-id=\"4219734\" data-element_type=\"widget\" data-settings=\"{&quot;effects_enabled&quot;:&quot;yes&quot;,&quot;motion_fx_motion_fx_scrolling&quot;:&quot;yes&quot;,&quot;_animation&quot;:&quot;fadeInLeft&quot;,&quot;thegem_button_skin&quot;:&quot;flat&quot;,&quot;add_icon&quot;:&quot;yes&quot;,&quot;motion_fx_devices&quot;:[&quot;desktop&quot;,&quot;tablet&quot;,&quot;mobile&quot;]}\" data-widget_type=\"thegem-styledbutton.default\">\n\t\t\t\t<div class=\"elementor-widget-container\">\n\t\t\t<style>.elementor-element-4219734 .gem-button {opacity:0}<\/style>\n<div class=\"thegem-button-animate thegem-button-animation-slide-down gem-button-container gem-widget-button lazy-loading\">\n\n\t\t<a class=\"gem-button gem-button-size-small gem-button-text-weight-thin gem-button-style-flat\">\n\t\t<span class=\"gem-inner-wrapper-btn\">\n\t\t\t\t\t\t\t<span class=\"gem-button-icon\">\n\t\t\t\t\t<i aria-hidden=\"true\" class=\"fas fa-phone-volume\"><\/i>\t\t\t\t<\/span>\n\t\t\t\t\t\t<span class=\"gem-text-button\">\n\t\t\t\t\t\t\t<\/span>\n\t\t<\/span>\n\t<\/a>\n\n\t\n<\/div>\t\t<\/div>\n\t\t\t\t<\/div>\n\t\t\t\t\t\t<\/div>\n\t\t\t\t\t<\/div>\n\t\t<\/div>\n\t\t\t\t\t\t\t\t<\/div>\n\t\t\t\t\t<\/div>\n\t\t<\/section>\n\t\t\t\t<section class=\"elementor-section elementor-top-section elementor-element elementor-element-64dddd0 elementor-section-boxed elementor-section-height-default elementor-section-height-default\" data-id=\"64dddd0\" data-element_type=\"section\">\n\t\t\t\t\t\t<div class=\"elementor-container elementor-column-gap-thegem\">\n\t\t\t\t\t\t\t<div class=\"elementor-row\">\n\t\t\t\t\t<div class=\"elementor-column elementor-col-50 elementor-top-column elementor-element elementor-element-bab754f\" data-id=\"bab754f\" data-element_type=\"column\">\n\t\t\t<div class=\"elementor-column-wrap elementor-element-populated\">\n\t\t\t\t\t\t\t<div class=\"elementor-widget-wrap\">\n\t\t\t\t\t\t<div class=\"elementor-element elementor-element-c43a423 flex-horizontal-align-default flex-horizontal-align-tablet-default flex-horizontal-align-mobile-default flex-vertical-align-default flex-vertical-align-tablet-default flex-vertical-align-mobile-default elementor-widget elementor-widget-text-editor\" data-id=\"c43a423\" data-element_type=\"widget\" data-widget_type=\"text-editor.default\">\n\t\t\t\t<div class=\"elementor-widget-container\">\n\t\t\t<style>\/*! elementor - v3.7.8 - 02-10-2022 *\/\n.elementor-widget-text-editor.elementor-drop-cap-view-stacked .elementor-drop-cap{background-color:#818a91;color:#fff}.elementor-widget-text-editor.elementor-drop-cap-view-framed .elementor-drop-cap{color:#818a91;border:3px solid;background-color:transparent}.elementor-widget-text-editor:not(.elementor-drop-cap-view-default) .elementor-drop-cap{margin-top:8px}.elementor-widget-text-editor:not(.elementor-drop-cap-view-default) .elementor-drop-cap-letter{width:1em;height:1em}.elementor-widget-text-editor .elementor-drop-cap{float:left;text-align:center;line-height:1;font-size:50px}.elementor-widget-text-editor .elementor-drop-cap-letter{display:inline-block}<\/style>\t\t\t\t\t<div class=\"elementor-text-editor elementor-clearfix\">\n\t\t\t\t<h3 id=\"l-ambition-zero-plastique-au-service-des-parisiennes-et-des-parisiens\" class=\"title in-toc is-level-2 focus-visible\" tabindex=\"-1\"><span style=\"color: #333399;\">L&#8217;ambition z\u00e9ro plastique au service des SLAWI<\/span><\/h3>\n<div class=\"text\" data-controller=\"text\">\n<div data-target=\"text.textContainer\">En adoptant son Plan Climat, la Ville de Sal\u00e9 est engag\u00e9e dans une d\u00e9marche de pr\u00e9vention et de r\u00e9duction \u00e0 la source de tous ses d\u00e9chets plastiques. Cette d\u00e9marche s\u2019inscrit dans une strat\u00e9gie plus globale de z\u00e9ro d\u00e9chet \u00e0 l&#8217;arrondissement bettana : d\u00e9velopper le r\u00e9emploi et la r\u00e9paration, lutter contre le gaspillage, am\u00e9liorer le tri et la valorisation mati\u00e8re des d\u00e9chets ou encore favoriser une \u00e9conomie du partage. Cette ambition se traduit aupr\u00e8s des SLAWI par des actions concr\u00e8tes, notamment&nbsp;:<\/div>\n<\/div>\n<ul class=\"list\">\n<li data-controller=\"list\">\n<div data-target=\"list.liContainer\">La suppression du plastique pour nos enfants dans les cantines et dans les cr\u00e8ches.<\/div>\n<\/li>\n<li data-controller=\"list\">\n<div data-target=\"list.liContainer\">Un maillage de fontaines dans l\u2019espace public unique au monde pour se passer des bouteilles plastiques<\/div>\n<\/li>\n<li data-controller=\"list\">\n<div data-target=\"list.liContainer\">Le d\u00e9veloppement de la fili\u00e8re consigne et l\u2019accompagnement des porteurs de solutions de recyclage des plastiques<\/div>\n<\/li>\n<li data-controller=\"list\">\n<div data-target=\"list.liContainer\">Une charte \u00e9coresponsable pour les \u00e9v\u00e8nements&nbsp;organis\u00e9s \u00e0 Bettana incluant la suppression du plastique \u00e0 usage unique<\/div>\n<\/li>\n<li data-controller=\"list\">\n<div data-target=\"list.liContainer\">La&nbsp;mise en place de &#8220;Poubelle \u00e9co&#8221;&nbsp;dans les espaces publiques<\/div><\/li>\n<li data-controller=\"list\">\n<div data-target=\"list.liContainer\">La fin de tout achat en plastique \u00e0 usage unique dans les march\u00e9s de la Ville de Sal\u00e9<\/div>\n<\/li>\n<\/ul>\t\t\t\t\t<\/div>\n\t\t\t\t\t\t<\/div>\n\t\t\t\t<\/div>\n\t\t\t\t\t\t<\/div>\n\t\t\t\t\t<\/div>\n\t\t<\/div>\n\t\t\t\t<div class=\"elementor-column elementor-col-50 elementor-top-column elementor-element elementor-element-afc55e3\" data-id=\"afc55e3\" data-element_type=\"column\">\n\t\t\t<div class=\"elementor-column-wrap elementor-element-populated\">\n\t\t\t\t\t\t\t<div class=\"elementor-widget-wrap\">\n\t\t\t\t\t\t<div class=\"elementor-element elementor-element-6720537 flex-horizontal-align-default flex-horizontal-align-tablet-default flex-horizontal-align-mobile-default flex-vertical-align-default flex-vertical-align-tablet-default flex-vertical-align-mobile-default elementor-widget elementor-widget-image\" data-id=\"6720537\" data-element_type=\"widget\" data-widget_type=\"image.default\">\n\t\t\t\t<div class=\"elementor-widget-container\">\n\t\t\t\t\t\t\t\t<div class=\"elementor-image\">\n\t\t\t\t\t\t\t\t\t\t\t\t<img decoding=\"async\" width=\"486\" height=\"410\" src=\"https:\/\/arrondissementbettana.ma\/wp-content\/uploads\/2022\/12\/schema-01.png\" class=\"attachment-1536x1536 size-1536x1536\" alt=\"\" srcset=\"https:\/\/arrondissementbettana.ma\/wp-content\/uploads\/2022\/12\/schema-01.png 486w, https:\/\/arrondissementbettana.ma\/wp-content\/uploads\/2022\/12\/schema-01-300x253.png 300w\" sizes=\"(max-width: 486px) 100vw, 486px\" \/>\t\t\t\t\t\t\t\t\t\t\t\t\t\t<\/div>\n\t\t\t\t\t\t<\/div>\n\t\t\t\t<\/div>\n\t\t\t\t\t\t<\/div>\n\t\t\t\t\t<\/div>\n\t\t<\/div>\n\t\t\t\t\t\t\t\t<\/div>\n\t\t\t\t\t<\/div>\n\t\t<\/section>\n\t\t\t\t\t\t\t\t\t<\/div>\n\t\t\t<\/div>\n\t\t\t\t\t<\/div>\n\t\t","protected":false},"excerpt":{"rendered":"<p>Bettana sans plastiques L&#8217;ambition z\u00e9ro plastique au service des SLAWI En adoptant son Plan Climat, la Ville de Sal\u00e9 est&#8230;<\/p>\n","protected":false},"author":1,"featured_media":0,"parent":0,"menu_order":0,"comment_status":"closed","ping_status":"closed","template":"elementor_header_footer","meta":{"_gspb_post_css":"","om_disable_all_campaigns":false,"_mi_skip_tracking":false},"aioseo_notices":[],"_links":{"self":[{"href":"https:\/\/arrondissementbettana.ma\/index.php\/wp-json\/wp\/v2\/pages\/6021"}],"collection":[{"href":"https:\/\/arrondissementbettana.ma\/index.php\/wp-json\/wp\/v2\/pages"}],"about":[{"href":"https:\/\/arrondissementbettana.ma\/index.php\/wp-json\/wp\/v2\/types\/page"}],"author":[{"embeddable":true,"href":"https:\/\/arrondissementbettana.ma\/index.php\/wp-json\/wp\/v2\/users\/1"}],"replies":[{"embeddable":true,"href":"https:\/\/arrondissementbettana.ma\/index.php\/wp-json\/wp\/v2\/comments?post=6021"}],"version-history":[{"count":31,"href":"https:\/\/arrondissementbettana.ma\/index.php\/wp-json\/wp\/v2\/pages\/6021\/revisions"}],"predecessor-version":[{"id":12512,"href":"https:\/\/arrondissementbettana.ma\/index.php\/wp-json\/wp\/v2\/pages\/6021\/revisions\/12512"}],"wp:attachment":[{"href":"https:\/\/arrondissementbettana.ma\/index.php\/wp-json\/wp\/v2\/media?parent=6021"}],"curies":[{"name":"wp","href":"https:\/\/api.w.org\/{rel}","templated":true}]}}